{"id":22,"date":"2023-07-28T14:00:24","date_gmt":"2023-07-28T12:00:24","guid":{"rendered":"https:\/\/zukunft-inklusion.ch.prestage.ch\/zh\/?page_id=22"},"modified":"2024-06-17T14:13:33","modified_gmt":"2024-06-17T12:13:33","slug":"kalender","status":"publish","type":"page","link":"https:\/\/zukunft-inklusion.prestage.ch\/zh\/kalender\/","title":{"rendered":"Kalender"},"content":{"rendered":"\n<p>Die Aktionstage Behindertenrechte 2024 dauerten von 15. Mai bis 15. Juni. Hier finden Sie alle durchgef\u00fchrten Veranstaltungen. Sie k\u00f6nnen diese nach Themen der UNO-BRK, nach Ort und nach Zug\u00e4nglichkeit filtern. Die Aktionen k\u00f6nnen Ihnen als Inspiration f\u00fcr Ihre eigenen Veranstaltungen oder Massnahmen dienen.<\/p>\n\n\n\n<p>Falls Sie die vergangenen Aktionen des Jahres 2022 nochmals nachlesen m\u00f6chten, empfehlen wir Ihnen einen Besuch auf unserer <a href=\"https:\/\/zukunft-inklusion.prestage.ch\/zh\/archiv\/\">Archivseite<\/a>.<\/p>\n\n\n\n<p>Abonnieren Sie unseren <a href=\"https:\/\/zukunft-inklusion.prestage.ch\/zh\/newsletter\/\">Newsletter<\/a>, um auf dem Laufenden zu bleiben.<\/p>\n","protected":false},"excerpt":{"rendered":"<p>Die Aktionstage Behindertenrechte 2024 dauerten von 15. Mai bis 15. Juni. Hier finden Sie alle durchgef\u00fchrten Veranstaltungen. Sie k\u00f6nnen diese nach Themen der UNO-BRK, nach Ort und nach Zug\u00e4nglichkeit filtern. Die Aktionen k\u00f6nnen Ihnen als Inspiration f\u00fcr Ihre eigenen Veranstaltungen oder Massnahmen dienen. Falls Sie die vergangenen Aktionen des Jahres 2022 nochmals nachlesen m\u00f6chten, empfehlen [&hellip;]<\/p>\n","protected":false},"author":1,"featured_media":0,"parent":0,"menu_order":3,"comment_status":"closed","ping_status":"closed","template":"page-templates\/calendar_page.php","meta":{"_acf_changed":false,"_genesis_hide_title":false,"_genesis_hide_breadcrumbs":false,"_genesis_hide_singular_image":false,"_genesis_hide_footer_widgets":false,"_genesis_custom_body_class":"","_genesis_custom_post_class":"","_genesis_layout":"","footnotes":""},"class_list":{"0":"post-22","1":"page","2":"type-page","3":"status-publish","5":"entry"},"acf":[],"_links":{"self":[{"href":"https:\/\/zukunft-inklusion.prestage.ch\/zh\/wp-json\/wp\/v2\/pages\/22","targetHints":{"allow":["GET"]}}],"collection":[{"href":"https:\/\/zukunft-inklusion.prestage.ch\/zh\/wp-json\/wp\/v2\/pages"}],"about":[{"href":"https:\/\/zukunft-inklusion.prestage.ch\/zh\/wp-json\/wp\/v2\/types\/page"}],"author":[{"embeddable":true,"href":"https:\/\/zukunft-inklusion.prestage.ch\/zh\/wp-json\/wp\/v2\/users\/1"}],"replies":[{"embeddable":true,"href":"https:\/\/zukunft-inklusion.prestage.ch\/zh\/wp-json\/wp\/v2\/comments?post=22"}],"version-history":[{"count":9,"href":"https:\/\/zukunft-inklusion.prestage.ch\/zh\/wp-json\/wp\/v2\/pages\/22\/revisions"}],"predecessor-version":[{"id":2444,"href":"https:\/\/zukunft-inklusion.prestage.ch\/zh\/wp-json\/wp\/v2\/pages\/22\/revisions\/2444"}],"wp:attachment":[{"href":"https:\/\/zukunft-inklusion.prestage.ch\/zh\/wp-json\/wp\/v2\/media?parent=22"}],"curies":[{"name":"wp","href":"https:\/\/api.w.org\/{rel}","templated":true}]}}