{"id":26,"date":"2023-07-28T14:00:44","date_gmt":"2023-07-28T12:00:44","guid":{"rendered":"https:\/\/zukunft-inklusion.ch.prestage.ch\/zh\/?page_id=26"},"modified":"2024-09-30T13:49:31","modified_gmt":"2024-09-30T11:49:31","slug":"erfolgsgeschichten","status":"publish","type":"page","link":"https:\/\/zukunft-inklusion.prestage.ch\/zh\/erfolgsgeschichten\/","title":{"rendered":"Erfolgsgeschichten"},"content":{"rendered":"\n<p>Hier finden Sie inspirierende Beispiele von Aktionen, die unsere drei Qualit\u00e4tsmerkmale erf\u00fcllen: Bezug zur UNO-BRK, Einbezug von Menschen mit Behinderung von der Planung bis zur Auswertung und die Zug\u00e4nglichkeit zu den Aktionen.<\/p>\n\n\n\n<p>Unsere Erfolgsgeschichten zeigen, wie sich Menschen und Organisationen engagieren, um die Gleichstellung von Menschen mit Behinderung zu f\u00f6rdern und eine inklusive Gesellschaft zu gestalten. Jede Geschichte ist einzigartig und zeigt, wie Engagement und Zusammenarbeit zu positiven Ver\u00e4nderungen f\u00fchren k\u00f6nnen.<\/p>\n\n\n\n<p>Haben auch Sie eine Erfolgsgeschichte, die Sie teilen m\u00f6chten? Wir freuen uns darauf! <a href=\"https:\/\/zukunft-inklusion.prestage.ch\/zh\/kontakt\/\" data-type=\"page\" data-id=\"34\">Kontaktieren Sie uns.<\/a> <\/p>\n\n\n\n<p>Falls Sie die vergangenen Erfolgsgeschichten des Jahres 2022 nochmals nachlesen m\u00f6chten, empfehlen wir Ihnen einen Besuch auf unserer&nbsp;<a href=\"https:\/\/zukunft-inklusion.prestage.ch\/zh\/archiv\/\">Archivseite<\/a>.<\/p>\n","protected":false},"excerpt":{"rendered":"<p>Hier finden Sie inspirierende Beispiele von Aktionen, die unsere drei Qualit\u00e4tsmerkmale erf\u00fcllen: Bezug zur UNO-BRK, Einbezug von Menschen mit Behinderung von der Planung bis zur Auswertung und die Zug\u00e4nglichkeit zu den Aktionen. Unsere Erfolgsgeschichten zeigen, wie sich Menschen und Organisationen engagieren, um die Gleichstellung von Menschen mit Behinderung zu f\u00f6rdern und eine inklusive Gesellschaft zu [&hellip;]<\/p>\n","protected":false},"author":1,"featured_media":0,"parent":0,"menu_order":5,"comment_status":"closed","ping_status":"closed","template":"page-templates\/stories_page.php","meta":{"_acf_changed":false,"_genesis_hide_title":false,"_genesis_hide_breadcrumbs":false,"_genesis_hide_singular_image":false,"_genesis_hide_footer_widgets":false,"_genesis_custom_body_class":"","_genesis_custom_post_class":"","_genesis_layout":"","footnotes":""},"class_list":{"0":"post-26","1":"page","2":"type-page","3":"status-publish","5":"entry"},"acf":[],"_links":{"self":[{"href":"https:\/\/zukunft-inklusion.prestage.ch\/zh\/wp-json\/wp\/v2\/pages\/26","targetHints":{"allow":["GET"]}}],"collection":[{"href":"https:\/\/zukunft-inklusion.prestage.ch\/zh\/wp-json\/wp\/v2\/pages"}],"about":[{"href":"https:\/\/zukunft-inklusion.prestage.ch\/zh\/wp-json\/wp\/v2\/types\/page"}],"author":[{"embeddable":true,"href":"https:\/\/zukunft-inklusion.prestage.ch\/zh\/wp-json\/wp\/v2\/users\/1"}],"replies":[{"embeddable":true,"href":"https:\/\/zukunft-inklusion.prestage.ch\/zh\/wp-json\/wp\/v2\/comments?post=26"}],"version-history":[{"count":7,"href":"https:\/\/zukunft-inklusion.prestage.ch\/zh\/wp-json\/wp\/v2\/pages\/26\/revisions"}],"predecessor-version":[{"id":2503,"href":"https:\/\/zukunft-inklusion.prestage.ch\/zh\/wp-json\/wp\/v2\/pages\/26\/revisions\/2503"}],"wp:attachment":[{"href":"https:\/\/zukunft-inklusion.prestage.ch\/zh\/wp-json\/wp\/v2\/media?parent=26"}],"curies":[{"name":"wp","href":"https:\/\/api.w.org\/{rel}","templated":true}]}}