{"id":3,"date":"2023-07-28T14:00:47","date_gmt":"2023-07-28T12:00:47","guid":{"rendered":"https:\/\/zukunft-inklusion.ch.prestage.ch\/zh\/?page_id=3"},"modified":"2024-06-16T18:46:01","modified_gmt":"2024-06-16T16:46:01","slug":"startseite","status":"publish","type":"page","link":"https:\/\/zukunft-inklusion.prestage.ch\/zh\/","title":{"rendered":"Zukunft Inklusion \u2013 Aktionstage Behindertenrechte"},"content":{"rendered":"\n<p>Zwischen 15. Mai und 15. Juni 2024 haben die ersten Nationalen Aktionstage Behindertenrechte \u00abZukunft Inklusion\u00bb stattgefunden. In der ganzen Schweiz gab es rund 1000 Aktionen. <\/p>\n\n\n\n<p>Im Kanton Z\u00fcrich haben sich ca. 200 Aktionspartner_innen an \u00fcber 150 Aktionen beteiligt. Werfen Sie gerne einen Blick zur\u00fcck auf unsere\u00a0<a rel=\"noreferrer noopener\" href=\"https:\/\/zukunft-inklusion.prestage.ch\/zh\/partnerschaften\/\" data-type=\"page\" data-id=\"24\" target=\"_blank\">Partnerschaften<\/a> und unseren\u00a0<a rel=\"noreferrer noopener\" href=\"https:\/\/zukunft-inklusion.prestage.ch\/zh\/kalender\/\" data-type=\"page\" data-id=\"22\" target=\"_blank\">Kalender<\/a>! Die Aktionstage wurden im Kanton Z\u00fcrich vom Kantonalen Sozialamt (KSA) und der\u00a0<a rel=\"noreferrer noopener\" href=\"https:\/\/www.bkz.ch\/\" target=\"_blank\">Behindertenkonferenz Kanton Z\u00fcrich<\/a>\u00a0(BKZ) organisiert. <\/p>\n\n\n\n<p>Bereits 2022 gab es Aktionstage Behindertenrechte, damals allerdings nur im Kanton Z\u00fcrich. In unserem <a href=\"https:\/\/zukunft-inklusion.prestage.ch\/zh\/archiv\/\" data-type=\"link\" data-id=\"https:\/\/zukunft-inklusion.prestage.ch\/zh\/archiv\/\">Archiv<\/a> k\u00f6nnen Sie einen Blick auf alle vergangenen Aktionen und auf unsere Partnerschaften aus 2022 werfen. Das kann Ihnen auch als Inspiration f\u00fcr eigene Veranstaltungen oder Massnahmen dienen.<\/p>\n\n\n\n<p>Bleiben Sie informiert und abonnieren Sie den <a rel=\"noreferrer noopener\" href=\"https:\/\/zukunft-inklusion.prestage.ch\/zh\/newsletter\/\" data-type=\"page\" data-id=\"28\" target=\"_blank\">Newsletter<\/a>. So wissen Sie auch rechtzeitig, wie es mit den Aktionstagen Behindertenrechte weitergeht!<\/p>\n\n\n\n<h2 class=\"wp-block-heading\">Feierliche Er\u00f6ffnung in Z\u00fcrich<\/h2>\n\n\n\n<p>Die feierliche Er\u00f6ffnung der Nationalen Aktionstage Behindertenrechte fand am 15. Mai 2024 in Z\u00fcrich statt. Der Videograf Cemil Erkoc hat die Eindr\u00fccke vom Er\u00f6ffnungnsanlass in 100 Sekunden zusammengefasst. Unter dem Video finden Sie eine Zusammenfassung.<\/p>\n\n\n\n<figure class=\"wp-block-embed is-type-video is-provider-youtube wp-block-embed-youtube wp-embed-aspect-16-9 wp-has-aspect-ratio\"><div class=\"wp-block-embed__wrapper\">\n <iframe referrerpolicy=\"no-referrer\" loading=\"lazy\" title=\"Nationalen Aktionstage Behindertenrechte 2024 feierlich er\u00f6ffnet\" width=\"500\" height=\"281\" src=\"https:\/\/www.youtube-nocookie.com\/embed\/olchCZUprfI?feature=oembed\" frameborder=\"0\" allow=\"accelerometer; autoplay; clipboard-write; encrypted-media; gyroscope; picture-in-picture; web-share\" referrerpolicy=\"strict-origin-when-cross-origin\" allowfullscreen><\/iframe>\n<\/div><\/figure>\n\n\n\n<p>Zusammenfassung Video:<\/p>\n\n\n\n<p>Der Film zeigt die Er\u00f6ffnungsfeier der Nationalen Aktionstage Behinderten-Rechte. Es gibt Musik, aber keine Sprache im Film. <\/p>\n\n\n\n<p>Die Koordinations-Stelle Behinderten-Rechte vom Kanton Z\u00fcrich und die Behinderten-Konferenz Kanton Z\u00fcrich machen die Feier. Die Feier findet beim Schweizer Radio und Fernsehen in Z\u00fcrich statt. <\/p>\n\n\n\n<p>Es sind \u00fcber 200 G\u00e4ste gekommen. Auch die Nationalr\u00e4te Philipp Kutter, Islam Alijaj und Christian Lohr sind gekommen. Auch Regierungsr\u00e4tinnen und Regierungsr\u00e4te aus neun Kantonen und viele Kantonsr\u00e4tinnen und Kantonsr\u00e4te sind dabei. <\/p>\n\n\n\n<p>Am Anfang des Films sieht man viele G\u00e4ste. Sie unterhalten sich bei einem Ap\u00e9ro. <\/p>\n\n\n\n<p>Sp\u00e4ter sitzen sie vor einer B\u00fchne. Sie schauen sich das Programm an. Sie staunen, lachen, h\u00f6ren zu und klatschen. Die Feier wird in die Geb\u00e4rdensprache \u00fcbersetzt. Es gibt auch eine grosse Leinwand mit Schrift-Dolmetschung. <\/p>\n\n\n\n<p>Auf der B\u00fchne gibt es viel Musik und Tanz. Der Insieme-Chor Z\u00fcrcher Oberland mit Peter Reber. Die Band Boxitos aus Basel-Land. Jason Br\u00fcgger und die Rollstuhl-T\u00e4nzerinnen von Speedy Gon-CH-ales treten gemeinsam auf. Jason ist Akrobat. Er bewegt sich an einem langen Seil hoch \u00fcber der B\u00fchne. <\/p>\n\n\n\n<p>Auf der B\u00fchne reden verschiedene Personen. Nathalie Wappler begr\u00fcsst die G\u00e4ste. Sie ist die Direktorin von Schweizer Radio und Fernsehen SRF. Katharina Locher und Alex Oberholzer moderieren die Feier. Tatjana Binggeli und Saphir Ben Dakon sprechen \u00fcber die Anliegen von Menschen mit Behinderung. In einer Fragerunde werden drei Personen befragt: Andreas Rieder vom Eidgen\u00f6ssischen B\u00fcro f\u00fcr die Gleichstellung von Menschen mit Behinderungen, Gaby Sz\u00f6ll\u00f6sy von der Konferenz der Sozialdirektorinnen und Sozialdirektoren und Mario Fehr, Regierungsrat des Kantons Z\u00fcrich. <\/p>\n\n\n\n<p>Am Ende klatschen die G\u00e4ste.<\/p>\n\n\n\n<h2 class=\"wp-block-heading\">Vielfalt verbindet!<\/h2>\n\n\n\n<p>Die UNO-Behindertenrechtskonvention (<a rel=\"noreferrer noopener\" href=\"https:\/\/www.fedlex.admin.ch\/eli\/cc\/2014\/245\/de\" target=\"_blank\">UNO-BRK<\/a>) ist in der Schweiz seit 2014 in Kraft. Das Behindertengleichstellungsgesetz (<a rel=\"noreferrer noopener\" href=\"https:\/\/www.fedlex.admin.ch\/eli\/cc\/2003\/667\/de\" target=\"_blank\">BehiG<\/a>) bildet bereits seit 2004 eine wichtige Rechtsgrundlage. Zweck der UNO-BRK und des BehiG ist es, den gleichberechtigten Genuss der Menschenrechte und der Grundfreiheiten aller Menschen mit Behinderung zu f\u00f6rdern, zu sch\u00fctzen und zu gew\u00e4hrleisten sowie die Achtung ihrer W\u00fcrde zu f\u00f6rdern. Der Bund, die Kantone und die Gemeinden sind verpflichtet, die UNO-BRK und das BehiG umzusetzen.<\/p>\n\n\n\n<p>Im Rahmen der Jubil\u00e4en wollen wir der Umsetzung der Menschenrechte Schub verleihen, gemeinsam handeln und gute Beispiele sichtbar machen. Entdecke die Vielfalt von Inklusion: Von gendergerechter Sprache bis zur Barrierefreiheit &#8211; auf unserer Themenseite \u00ab<a href=\"https:\/\/zukunft-inklusion.prestage.ch\/zh\/idee\/\" data-type=\"page\" data-id=\"5\">Idee<\/a>\u00bb. <\/p>\n\n\n\n<p>Bildbeschrieb finden Sie unterhalb des Videos. <\/p>\n\n\n\n<figure class=\"wp-block-embed is-type-video is-provider-youtube wp-block-embed-youtube wp-embed-aspect-16-9 wp-has-aspect-ratio\"><div class=\"wp-block-embed__wrapper\">\n <iframe referrerpolicy=\"no-referrer\" loading=\"lazy\" title=\"Zukunft Inklusion\" width=\"500\" height=\"281\" src=\"https:\/\/www.youtube-nocookie.com\/embed\/OC1v0yI6HrI?feature=oembed\" frameborder=\"0\" allow=\"accelerometer; autoplay; clipboard-write; encrypted-media; gyroscope; picture-in-picture; web-share\" referrerpolicy=\"strict-origin-when-cross-origin\" allowfullscreen><\/iframe>\n<\/div><figcaption class=\"wp-element-caption\">Film &#171;Vielfalt verbindet!&#187;<\/figcaption><\/figure>\n\n\n\n<h3 class=\"wp-block-heading\"><strong>Bildbeschrieb Film <\/strong>&#171;<strong>Vielfalt verbindet<\/strong>&#171;<\/h3>\n\n\n\n<p>Der Film von Zukunft Inklusion besteht aus einzelnen Interviewszenen. Diese finden vor einer grauen Wand statt. Davor stehen ein hellgrauer Sessel, eine Zimmerpalme und ein kleines, rundes Tischchen. Darauf steht eine Tischlampe mit gelblichem Schirm. Daneben ein kleines, weisses T\u00f6pfchen mit einer gr\u00fcnen Pflanze.<\/p>\n\n\n\n<p>Szene 1<\/p>\n\n\n\n<p>Mo Sheriff sitzt im Sessel. Links von ihm steht die Palme vor dem Tischchen. Rechts von ihm ist Melanie Spiller-Reimann eingeblendet. Sie geb\u00e4rdet.<\/p>\n\n\n\n<p>Mo ist 31 Jahre alt. Er hat kurze, schwarze Haare und einen dunklen Teint. Er tr\u00e4gt eine dunkle Sonnenbrille und hat einen kurzen Vollbart. Zu einem roten Polo-Shirt tr\u00e4gt er schwarze Jeans.<\/p>\n\n\n\n<p>Szene 2<\/p>\n\n\n\n<p>Melanie Spiller-Reimann sitzt im Sessel zwischen Palme und Tischchen. Sie ist Mitte vierzig und hat dunkelblondes, langes Haar. Melanie hat blaue Augen. Sie tr\u00e4gt eine dunkle, eckige Brille. Zu einer blauen Hose tr\u00e4gt sie ein dunkelblaues T-Shirt, dar\u00fcber eine lange, blaue Strickjacke. Sie geb\u00e4rdet w\u00e4hrend eine Dolmetscherin ausserhalb des Bildes den Text spricht.<\/p>\n\n\n\n<p>Szene 3<\/p>\n\n\n\n<p><a><\/a>Lila Plakolli sitzt in einem Elektro- Rollstuhl. Links von ihr\/ihm steht die Palme vor dem Tischchen. Rechts von ihr\/ihm ist Melanie eingeblendet. Sie geb\u00e4rdet. Lila ist um die dreissig. Ihr\/Sein rot gef\u00e4rbtes Haar tr\u00e4gt sie\/er in einem Sidecut. Lila hat blaue Augen und tr\u00e4gt eine feine Metallbrille. Sie\/Er hat einen Dreitage-Bart.&nbsp; In Lilas Hals f\u00fchrt ein durchsichtiger Schlauch. Zu einem Lila-Kapuzenpulli tr\u00e4gt sie\/er schwarze Jeans.<\/p>\n\n\n\n<p>Nachfolgend sprechen in der gleichen Szenerie Melanie, Mo und erneut Melanie.<\/p>\n","protected":false},"excerpt":{"rendered":"<p>Zwischen 15. Mai und 15. Juni 2024 haben die ersten Nationalen Aktionstage Behindertenrechte \u00abZukunft Inklusion\u00bb stattgefunden. In der ganzen Schweiz gab es rund 1000 Aktionen. Im Kanton Z\u00fcrich haben sich ca. 200 Aktionspartner_innen an \u00fcber 150 Aktionen beteiligt. Werfen Sie gerne einen Blick zur\u00fcck auf unsere\u00a0Partnerschaften und unseren\u00a0Kalender! Die Aktionstage wurden im Kanton Z\u00fcrich vom [&hellip;]<\/p>\n","protected":false},"author":1,"featured_media":0,"parent":0,"menu_order":1,"comment_status":"closed","ping_status":"closed","template":"page-templates\/landing_page.php","meta":{"_acf_changed":false,"_genesis_hide_title":false,"_genesis_hide_breadcrumbs":false,"_genesis_hide_singular_image":false,"_genesis_hide_footer_widgets":false,"_genesis_custom_body_class":"","_genesis_custom_post_class":"","_genesis_layout":"","footnotes":""},"class_list":{"0":"post-3","1":"page","2":"type-page","3":"status-publish","5":"entry"},"acf":[],"_links":{"self":[{"href":"https:\/\/zukunft-inklusion.prestage.ch\/zh\/wp-json\/wp\/v2\/pages\/3","targetHints":{"allow":["GET"]}}],"collection":[{"href":"https:\/\/zukunft-inklusion.prestage.ch\/zh\/wp-json\/wp\/v2\/pages"}],"about":[{"href":"https:\/\/zukunft-inklusion.prestage.ch\/zh\/wp-json\/wp\/v2\/types\/page"}],"author":[{"embeddable":true,"href":"https:\/\/zukunft-inklusion.prestage.ch\/zh\/wp-json\/wp\/v2\/users\/1"}],"replies":[{"embeddable":true,"href":"https:\/\/zukunft-inklusion.prestage.ch\/zh\/wp-json\/wp\/v2\/comments?post=3"}],"version-history":[{"count":13,"href":"https:\/\/zukunft-inklusion.prestage.ch\/zh\/wp-json\/wp\/v2\/pages\/3\/revisions"}],"predecessor-version":[{"id":2432,"href":"https:\/\/zukunft-inklusion.prestage.ch\/zh\/wp-json\/wp\/v2\/pages\/3\/revisions\/2432"}],"wp:attachment":[{"href":"https:\/\/zukunft-inklusion.prestage.ch\/zh\/wp-json\/wp\/v2\/media?parent=3"}],"curies":[{"name":"wp","href":"https:\/\/api.w.org\/{rel}","templated":true}]}}