{"id":30,"date":"2023-07-28T14:00:37","date_gmt":"2023-07-28T12:00:37","guid":{"rendered":"https:\/\/zukunft-inklusion.ch.prestage.ch\/zh\/?page_id=30"},"modified":"2023-09-25T18:04:12","modified_gmt":"2023-09-25T16:04:12","slug":"medien","status":"publish","type":"page","link":"https:\/\/zukunft-inklusion.prestage.ch\/zh\/medien\/","title":{"rendered":"Medien"},"content":{"rendered":"\n<h2 class=\"wp-block-heading\">Medienbeitr\u00e4ge zu den Aktionstagen<\/h2>\n\n\n\n<p>Hier finden Sie eine Zusammenstellung von Medienbeitr\u00e4gen zu den Aktionstagen Behindertenrechte 2024. Wir sind erfreut dar\u00fcber, dass unsere Aktionen und Botschaften die Aufmerksamkeit der Medien auf sich ziehen und so dazu beitragen, das Bewusstsein f\u00fcr die Rechte von Menschen mit Behinderung zu sch\u00e4rfen.<\/p>\n\n\n\n<p>Falls Sie auf der Suche nach vergangenen Medienbeitr\u00e4gen sind, empfehlen wir Ihnen einen Besuch auf unserer <a href=\"https:\/\/zukunft-inklusion.prestage.ch\/zh\/archiv\/?archive-type=mediapub\" data-type=\"page\" data-id=\"32\">Archivseite<\/a>. Dort finden Sie alle vergangenen Aktionen und Medienbeitr\u00e4ge, sortiert nach Jahren. Wir w\u00fcnschen Ihnen viel Spass beim St\u00f6bern und Lesen!<\/p>\n\n\n<div role=\"list\" class=\"cst-mediapub-list cst-mediapub-list-page\" aria-live=\"polite\"><div role=\"listitem\" class=\"cst-mediapub-listitem cst-mediapub-listitem-show\" id=\"mediapub_2446\" data-index=\"1\"><h3 class=\"h5 cst-mediapub-post-title\">zueriost.ch<\/h3><p>Die Aktionstage Behindertenrechte wollen das Verst\u00e4ndnis f\u00fcr Menschen mit Behinderungen sch\u00e4rfen und deren Inklusion f\u00f6rdern. Mit dabei: Consals\u00f3n, die sich ganz der lateinamerikanischen Musik&#8230;<\/p><!--  --><a href=\"https:\/\/zueriost.ch\/kultur\/2024-05-30\/consalson-laesst-sich-beim-musizieren-von-nichts-aufhalten\" target=\"_blank\" aria-label=\"Zum Medienbeitrag \u2013 zueriost.ch\" class=\"more-link\">Zum Medienbeitrag<\/a><\/div><div role=\"listitem\" class=\"cst-mediapub-listitem cst-mediapub-listitem-show\" id=\"mediapub_2445\" data-index=\"2\"><h3 class=\"h5 cst-mediapub-post-title\">thalwil.ch<\/h3><p>Gemeindeinterner Sensibilisierungs- und Schulungsanlass zum Thema Behinderungen: Im Rahmen der Nationalen Aktionstage Behindertenrechte 2024 hat die Verwaltung der Gemeinde Thalwil &#8230;<\/p><!--  --><a href=\"https:\/\/www.thalwil.ch\/aktuellesinformationen\/2159728\" target=\"_blank\" aria-label=\"Zum Medienbeitrag \u2013 thalwil.ch\" class=\"more-link\">Zum Medienbeitrag<\/a><\/div><div role=\"listitem\" class=\"cst-mediapub-listitem cst-mediapub-listitem-show\" id=\"mediapub_2422\" data-index=\"3\"><h3 class=\"h5 cst-mediapub-post-title\">Bundesrat<\/h3><p>Am 15. Juni 2024 findet in Genf die Abschlussfeier der Nationalen Aktionstage Behindertenrechte unter Teilnahme von Bundesr\u00e4tin Elisabeth Baume-Schneider statt. Die Bilanz zum Aktionsmonat ist positiv<\/p><!--  --><a href=\"https:\/\/www.admin.ch\/gov\/de\/start\/dokumentation\/medienmitteilungen.msg-id-101374.html\" target=\"_blank\" aria-label=\"Zum Medienbeitrag \u2013 Bundesrat\" class=\"more-link\">Zum Medienbeitrag<\/a><\/div><div role=\"listitem\" class=\"cst-mediapub-listitem cst-mediapub-listitem-show\" id=\"mediapub_2413\" data-index=\"4\"><h3 class=\"h5 cst-mediapub-post-title\">SRF Regionaljournal Zentralschweiz<\/h3><p>Crashkurs in Geb\u00e4rdensprache. \u00abEs w\u00e4re ein Traum, k\u00f6nnten alle die wichtigsten Geb\u00e4rden\u00bb<\/p><!--  --><a href=\"https:\/\/www.srf.ch\/news\/schweiz\/crashkurs-in-gebaerdensprache-es-waere-ein-traum-koennten-alle-die-wichtigsten-gebaerden#:~:text=Der%20Crashkurs%20ist%20ein%20Angebot,Stimme%20nicht%20gebraucht%20werden%20soll.\" target=\"_blank\" aria-label=\"Zum Medienbeitrag \u2013 SRF Regionaljournal Zentralschweiz\" class=\"more-link\">Zum Medienbeitrag<\/a><\/div><div role=\"listitem\" class=\"cst-mediapub-listitem cst-mediapub-listitem-show\" id=\"mediapub_2412\" data-index=\"5\"><h3 class=\"h5 cst-mediapub-post-title\">z\u00fcriwerk<\/h3><p>SPIEL OHNE GRENZEN \u2013 FEST DER VIELFALT! Schon liegt es hinter uns: Das grossartige, bunte \u00abSpiel ohne Grenzen\u00bb, das am 8. Juni 2024 von \u00fcber 600 Personen auf dem Plattenareal in Bubikon gefeiert wurde<\/p><!--  --><a href=\"https:\/\/www.zueriwerk.ch\/ohne-grenzen-2024\/\" target=\"_blank\" aria-label=\"Zum Medienbeitrag \u2013 z\u00fcriwerk\" class=\"more-link\">Zum Medienbeitrag<\/a><\/div><div role=\"listitem\" class=\"cst-mediapub-listitem cst-mediapub-listitem-show\" id=\"mediapub_2411\" data-index=\"6\"><h3 class=\"h5 cst-mediapub-post-title\">z\u00fcrioberland24.ch<\/h3><p>Am Samstag, 8. Juni, wird die Platte Bubikon zum Festgel\u00e4nde. Die Stiftung Z\u00fcriwerk l\u00e4dt ein zu einem unterhaltsamen Parcours, zu kulinarischem Genuss und kulturellen Highlights.<\/p><!--  --><a href=\"https:\/\/zuerioberland24.ch\/articles\/252578-spiel-ohne-grenzen-in-bubikon\" target=\"_blank\" aria-label=\"Zum Medienbeitrag \u2013 z\u00fcrioberland24.ch\" class=\"more-link\">Zum Medienbeitrag<\/a><\/div><div role=\"listitem\" class=\"cst-mediapub-listitem cst-mediapub-listitem-show\" id=\"mediapub_2410\" data-index=\"7\"><h3 class=\"h5 cst-mediapub-post-title\">SRG Deutschschweiz<\/h3><p>Innovations-Hub Swiss TXT: \u00abSo viele barrierefreie Inhalte wie m\u00f6glich\u00bb<\/p><!--  --><a href=\"https:\/\/www.srgd.ch\/de\/aktuelles\/news\/2024\/05\/31\/so-macht-swiss-txt-medien-barrierefreier\/\" target=\"_blank\" aria-label=\"Zum Medienbeitrag \u2013 SRG Deutschschweiz\" class=\"more-link\">Zum Medienbeitrag<\/a><\/div><div role=\"listitem\" class=\"cst-mediapub-listitem \" id=\"mediapub_2409\" data-index=\"8\"><h3 class=\"h5 cst-mediapub-post-title\">www.zhref.ch<\/h3><p>Die K\u00fcnstlerin Sandra Buholzer bringt im Rahmen der \u00abAktionstage Zukunft Inklusion\u00bb Flamingos, Spassv\u00f6gel und weiteres Gefieder in die Predigerkirche.<\/p><!--  --><a href=\"https:\/\/www.zhref.ch\/kirche\/ueber-uns\/unsere-geschichten\/kunst-und-inklusion-soelli-devofluege-oder-noed\" target=\"_blank\" aria-label=\"Zum Medienbeitrag \u2013 www.zhref.ch\" class=\"more-link\">Zum Medienbeitrag<\/a><\/div><div role=\"listitem\" class=\"cst-mediapub-listitem \" id=\"mediapub_2393\" data-index=\"9\"><h3 class=\"h5 cst-mediapub-post-title\">Reporter:innen ohne Barrieren<\/h3><p>\u00abDie Barrierefreiheit soll nicht nur ein Aush\u00e4ngeschild sein\u00bb <\/p><!--  --><a href=\"https:\/\/inclusive-media.ch\/beitraege\/die-barrierefreiheit-soll-nicht-nur-ein-aushaengeschild-sein\/\" target=\"_blank\" aria-label=\"Zum Medienbeitrag \u2013 Reporter:innen ohne Barrieren\" class=\"more-link\">Zum Medienbeitrag<\/a><\/div><div role=\"listitem\" class=\"cst-mediapub-listitem \" id=\"mediapub_2392\" data-index=\"10\"><h3 class=\"h5 cst-mediapub-post-title\">nau.ch<\/h3><p>Wie die Stadt Kloten berichtet, bekommen Besucher am 25. Mai 2024 zum Jubil\u00e4um der Uno-Behindertenrechtskonvention spannende Einblicke in das Thema \u00abInklusion\u00bb.<\/p><!--  --><a href=\"https:\/\/www.nau.ch\/ort\/kloten\/kloten-feiert-aktionstag-inklusion-auf-dem-stadtplatz-66766912\" target=\"_blank\" aria-label=\"Zum Medienbeitrag \u2013 nau.ch\" class=\"more-link\">Zum Medienbeitrag<\/a><\/div><div role=\"listitem\" class=\"cst-mediapub-listitem \" id=\"mediapub_2391\" data-index=\"11\"><h3 class=\"h5 cst-mediapub-post-title\">SRF<\/h3><p>W\u00e4hrend den Aktionstagen Behindertenrechte finden vom 15. Mai bis 15. Juni landesweit rund 1000 Aktionen statt. Eine davon ist das Inklusionstram \u00abGemeinsam unterwegs\u00bb der VBZ. <\/p><!--  --><a href=\"https:\/\/www.srf.ch\/audio\/stiftung-denk-an-mich\/im-inklusionstram-gemeinsam-durch-zuerich?id=12591347\" target=\"_blank\" aria-label=\"Zum Medienbeitrag \u2013 SRF\" class=\"more-link\">Zum Medienbeitrag<\/a><\/div><div role=\"listitem\" class=\"cst-mediapub-listitem \" id=\"mediapub_2390\" data-index=\"12\"><h3 class=\"h5 cst-mediapub-post-title\">Tagesanzeiger<\/h3><p>In Z\u00fcrich ist nun ein Inklusionstram unterwegs. Unter dem Motto \u00abR\u00fccksicht auf ganzer Linie\u00bb soll ein speziell gestaltetes Tram f\u00fcr mehr gegenseitiges Verst\u00e4ndnis und R\u00fccksichtnahme sensibilisieren.<\/p><!--  --><a href=\"https:\/\/www.tagesanzeiger.ch\/die-vbz-lancieren-ein-inklusionstram-651607906012\" target=\"_blank\" aria-label=\"Zum Medienbeitrag \u2013 Tagesanzeiger\" class=\"more-link\">Zum Medienbeitrag<\/a><\/div><div role=\"listitem\" class=\"cst-mediapub-listitem \" id=\"mediapub_2389\" data-index=\"13\"><h3 class=\"h5 cst-mediapub-post-title\">zuerich.24<\/h3><p>Inklusions-Tram mit \u00abR\u00fccksicht auf ganzer Linie\u00bb unterwegs<\/p><!--  --><a href=\"https:\/\/zuerich24.ch\/articles\/249589-inklusions-tram-mit-ruecksicht-auf-ganzer-linie-unterwegs\" target=\"_blank\" aria-label=\"Zum Medienbeitrag \u2013 zuerich.24\" class=\"more-link\">Zum Medienbeitrag<\/a><\/div><div role=\"listitem\" class=\"cst-mediapub-listitem \" id=\"mediapub_2388\" data-index=\"14\"><h3 class=\"h5 cst-mediapub-post-title\">Limmattaler Zeitung<\/h3><p>Neues Inklusionstram zeigt, wie Menschen mit Behinderung den \u00f6ffentlichen Verkehr nutzen. Das Tram verkehrt unter dem Motto \u00abR\u00fccksicht auf der ganzen Linie\u00bb bis Ende November.<\/p><!--  --><a href=\"https:\/\/www.limmattalerzeitung.ch\/limmattal\/zuerich\/zuerich-inklusionstram-zeigt-wie-menschen-mit-behinderung-den-oeffentlichen-verkehr-nutzen-ld.2621386\" target=\"_blank\" aria-label=\"Zum Medienbeitrag \u2013 Limmattaler Zeitung\" class=\"more-link\">Zum Medienbeitrag<\/a><\/div><div role=\"listitem\" class=\"cst-mediapub-listitem \" id=\"mediapub_2382\" data-index=\"15\"><h3 class=\"h5 cst-mediapub-post-title\">SRF Tagesschau Tessin &#8211; telegiornale<\/h3><p>La legge sui disabili compie 20 anni &#8211;  20 Jahre Behindertengleichstellungsgesetz<\/p><!--  --><a href=\"https:\/\/www.rsi.ch\/play\/tv\/telegiornale\/video\/la-legge-sui-disabili-compie-20-anni?urn=urn:rsi:video:2150178\" target=\"_blank\" aria-label=\"Zum Medienbeitrag \u2013 SRF Tagesschau Tessin &#8211; telegiornale\" class=\"more-link\">Zum Medienbeitrag<\/a><\/div><div role=\"listitem\" class=\"cst-mediapub-listitem \" id=\"mediapub_1082\" data-index=\"16\"><h3 class=\"h5 cst-mediapub-post-title\">Radio SRF 1<\/h3><p>Stiftung Denk an mich im Radio SRF: Aktionstage Behindertenrechte: Taten sprechen mehr als Worte<\/p><!--  --><a href=\"https:\/\/denkanmich.ch\/podcasts\" target=\"_blank\" aria-label=\"Zum Medienbeitrag \u2013 Radio SRF 1\" class=\"more-link\">Zum Medienbeitrag<\/a><\/div><div role=\"listitem\" class=\"cst-mediapub-listitem \" id=\"mediapub_2380\" data-index=\"17\"><h3 class=\"h5 cst-mediapub-post-title\">Stadt Kloten<\/h3><p>20 Jahre Behindertengleichstellungsgesetz und 10 Jahre UNO-Behindertenrechtskonvention: Die Schweiz feiert 2024 Meilensteine der Inklusion. Doch was bedeutet Inklusion wirklich? <\/p><!--  --><a href=\"https:\/\/www.kloten.ch\/aktuellesinformationen\/2139448\" target=\"_blank\" aria-label=\"Zum Medienbeitrag \u2013 Stadt Kloten\" class=\"more-link\">Zum Medienbeitrag<\/a><\/div><div role=\"listitem\" class=\"cst-mediapub-listitem \" id=\"mediapub_2379\" data-index=\"18\"><h3 class=\"h5 cst-mediapub-post-title\">Radio SRF 1<\/h3><p>Behindertenrechte. Inklusion \u2013 wie gut kennen Sie sich aus?<\/p><!--  --><a href=\"https:\/\/www.srf.ch\/radio-srf-1\/behindertenrechte-inklusion-wie-gut-kennen-sie-sich-aus\" target=\"_blank\" aria-label=\"Zum Medienbeitrag \u2013 Radio SRF 1\" class=\"more-link\">Zum Medienbeitrag<\/a><\/div><div role=\"listitem\" class=\"cst-mediapub-listitem \" id=\"mediapub_2377\" data-index=\"19\"><h3 class=\"h5 cst-mediapub-post-title\">SRF Tagesschau<\/h3><p>Auf Blindenf\u00fchrung und beim Lippenlesen: Hier wird sensibilisiert In den kommenden Wochen feiert die Schweiz die Behindertenrechte. An diesen Events wird gezeigt, was Inklusion bedeutet.<\/p><!--  --><a href=\"https:\/\/www.srf.ch\/news\/schweiz\/aktionstage-behindertenrechte-auf-blindenfuehrung-und-beim-lippenlesen-hier-wird-sensibilisiert\" target=\"_blank\" aria-label=\"Zum Medienbeitrag \u2013 SRF Tagesschau\" class=\"more-link\">Zum Medienbeitrag<\/a><\/div><div role=\"listitem\" class=\"cst-mediapub-listitem \" id=\"mediapub_2376\" data-index=\"20\"><h3 class=\"h5 cst-mediapub-post-title\">Radio SRF 1<\/h3><p>Der Inklusions-Profi Jonas Staub kennt die Schwachstellen. Selbstbestimmung f\u00fcr Menschen mit einer Beeintr\u00e4chtigung ist keine Utopie. Jonas Staub macht vor, wie es geht.<\/p><!--  --><a href=\"https:\/\/www.srf.ch\/radio-srf-1\/behindertenrechte-der-inklusions-profi-jonas-staub-kennt-die-schwachstellen\" target=\"_blank\" aria-label=\"Zum Medienbeitrag \u2013 Radio SRF 1\" class=\"more-link\">Zum Medienbeitrag<\/a><\/div><div role=\"listitem\" class=\"cst-mediapub-listitem \" id=\"mediapub_2375\" data-index=\"21\"><h3 class=\"h5 cst-mediapub-post-title\">SRF Regionaljournal Z\u00fcrich Schaffhausen<\/h3><p>Behindertenrechte: Auch im Kanton Z\u00fcrich gibt es noch viel zu tun. In Z\u00fcrich sind am Mittwoch die nationalen Aktionstage f\u00fcr Behindertenrechte losgegangen. <\/p><!--  --><a href=\"https:\/\/www.srf.ch\/audio\/regionaljournal-zuerich-schaffhausen\/behindertenrechte-auch-im-kanton-zuerich-gibt-es-noch-viel-zu-tun?id=12591164\" target=\"_blank\" aria-label=\"Zum Medienbeitrag \u2013 SRF Regionaljournal Z\u00fcrich Schaffhausen\" class=\"more-link\">Zum Medienbeitrag<\/a><\/div><div role=\"listitem\" class=\"cst-mediapub-listitem \" id=\"mediapub_2374\" data-index=\"22\"><h3 class=\"h5 cst-mediapub-post-title\">nau.ch<\/h3><p>Schwarzenburg unterst\u00fctzt die \u00abZukunft Inklusion\u00bb-Kampagne<\/p><!--  --><a href=\"https:\/\/www.nau.ch\/ort\/schwarzenburg\/schwarzenburg-unterstutzt-die-zukunft-inklusion-kampagne-66763468\" target=\"_blank\" aria-label=\"Zum Medienbeitrag \u2013 nau.ch\" class=\"more-link\">Zum Medienbeitrag<\/a><\/div><div role=\"listitem\" class=\"cst-mediapub-listitem \" id=\"mediapub_2373\" data-index=\"23\"><h3 class=\"h5 cst-mediapub-post-title\">nau.ch<\/h3><p>\u00abLiteratur f\u00fcr ALLE!\u00bb: B\u00fclach f\u00f6rdert Zugang zur Literatur<\/p><!--  --><a href=\"https:\/\/www.nau.ch\/ort\/bulach\/literatur-fur-alle-bulach-fordert-zugang-zur-literatur-66763256\" target=\"_blank\" aria-label=\"Zum Medienbeitrag \u2013 nau.ch\" class=\"more-link\">Zum Medienbeitrag<\/a><\/div><div role=\"listitem\" class=\"cst-mediapub-listitem \" id=\"mediapub_2372\" data-index=\"24\"><h3 class=\"h5 cst-mediapub-post-title\">kinderthur.ch<\/h3><p>Zukunft Inklusion: Die Winterthurer Events laden zum Mitmachen ein.<\/p><!--  --><a href=\"https:\/\/www.kinderthur.ch\/2024\/05\/16\/zukunft-inklusion-die-winterthurer-events-laden-zum-mitmachen-ein\/\" target=\"_blank\" aria-label=\"Zum Medienbeitrag \u2013 kinderthur.ch\" class=\"more-link\">Zum Medienbeitrag<\/a><\/div><div role=\"listitem\" class=\"cst-mediapub-listitem \" id=\"mediapub_2365\" data-index=\"25\"><h3 class=\"h5 cst-mediapub-post-title\">bizeps<\/h3><p>Mit den Aktionstagen feiert die Schweiz 20 Jahre Behindertengleichstellungsgesetz und 10 Jahre UN-Behindertenrechtskonvention.<\/p><!--  --><a href=\"https:\/\/www.bizeps.or.at\/nationale-aktionstage-behindertenrechte-in-der-schweiz-ab-15-mai-2024\/\" target=\"_blank\" aria-label=\"Zum Medienbeitrag \u2013 bizeps\" class=\"more-link\">Zum Medienbeitrag<\/a><\/div><div role=\"listitem\" class=\"cst-mediapub-listitem \" id=\"mediapub_2364\" data-index=\"26\"><h3 class=\"h5 cst-mediapub-post-title\">Tagesanzeiger<\/h3><p>Am Mittwoch werden in Z\u00fcrich die Nationalen Aktionstage f\u00fcr Behindertenrechte er\u00f6ffnet. Sie dauern einen Monat. Expertinnen sehen sie als Chance, erkennen aber auch Grenzen.<\/p><!--  --><a href=\"https:\/\/www.tagesanzeiger.ch\/behindertenrechte-in-zuerich-es-ist-bitter-dass-es-die-aktionstage-braucht-847387846663\" target=\"_blank\" aria-label=\"Zum Medienbeitrag \u2013 Tagesanzeiger\" class=\"more-link\">Zum Medienbeitrag<\/a><\/div><div role=\"listitem\" class=\"cst-mediapub-listitem \" id=\"mediapub_2363\" data-index=\"27\"><h3 class=\"h5 cst-mediapub-post-title\">SRF Morgengast<\/h3><p>Saphir Ben Dakon bei SRF Morgengast am 15. Mai 2024<\/p><!--  --><a href=\"https:\/\/www.srf.ch\/audio\/morgengast\/morgengast-vom-15-05-2024?id=12589565#played\" target=\"_blank\" aria-label=\"Zum Medienbeitrag \u2013 SRF Morgengast\" class=\"more-link\">Zum Medienbeitrag<\/a><\/div><div role=\"listitem\" class=\"cst-mediapub-listitem \" id=\"mediapub_2360\" data-index=\"28\"><h3 class=\"h5 cst-mediapub-post-title\">Medienmitteilung Bundesrat<\/h3><p>Die Schweiz feiert 20 Jahre Behindertengleichstellungsgesetz und 10 Jahre UNO-Behindertenrechtskonvention. \u00dcberall finden Aktionen f\u00fcr die Bev\u00f6lkerung statt, initiiert und organisiert..<\/p><!--  --><a href=\"https:\/\/www.admin.ch\/gov\/de\/start\/dokumentation\/medienmitteilungen.msg-id-100821.html\" target=\"_blank\" aria-label=\"Zum Medienbeitrag \u2013 Medienmitteilung Bundesrat\" class=\"more-link\">Zum Medienbeitrag<\/a><\/div><div role=\"listitem\" class=\"cst-mediapub-listitem \" id=\"mediapub_2359\" data-index=\"29\"><h3 class=\"h5 cst-mediapub-post-title\">Medienmitteilung Stadt Winterthur<\/h3><p>Vom 15. Mai bis 15. Juni 2024 finden die ersten Nationalen Aktionstage Behinderten\u00adrechte unter dem Motto \u00abZukunft Inklusion\u00bb statt. Auch die Stadtverwaltung Winterthur ist mit eigenen Aktionen dabei.<\/p><!--  --><a href=\"https:\/\/stadt.winterthur.ch\/gemeinde\/verwaltung\/stadtkanzlei\/kommunikation-stadt-winterthur\/medienmitteilungen-stadt-winterthur\/aktionstage-behindertenrechte-in-winterthur\" target=\"_blank\" aria-label=\"Zum Medienbeitrag \u2013 Medienmitteilung Stadt Winterthur\" class=\"more-link\">Zum Medienbeitrag<\/a><\/div><div role=\"listitem\" class=\"cst-mediapub-listitem \" id=\"mediapub_2353\" data-index=\"30\"><h3 class=\"h5 cst-mediapub-post-title\">nau.ch<\/h3><p>Ab Mittwoch finden in der Schweiz die ersten nationalen Aktionstage f\u00fcr die Rechte von Menschen mit Behinderungen statt. Einen Monat lang werden rund tausend Aktionen organisiert. <\/p><!--  --><a href=\"https:\/\/www.nau.ch\/news\/schweiz\/start-fur-nationale-aktionstage-zu-behindertenrechten-66760797\" target=\"_blank\" aria-label=\"Zum Medienbeitrag \u2013 nau.ch\" class=\"more-link\">Zum Medienbeitrag<\/a><\/div><div role=\"listitem\" class=\"cst-mediapub-listitem \" id=\"mediapub_2345\" data-index=\"31\"><h3 class=\"h5 cst-mediapub-post-title\">zuerich24.ch<\/h3><p>Das Debattierhaus Karl der Grosse in Z\u00fcrich er\u00f6ffnet bald das Festival \u00abInkluVision: Gemeinsam Zukunft gestalten\u00bb. Es findet im Rahmen der Nationalen Aktionstage Behindertenrechte 2024 statt. <\/p><!--  --><a href=\"https:\/\/zuerich24.ch\/articles\/247033-sie-wollen-inklusion-statt-ausgrenzung\" target=\"_blank\" aria-label=\"Zum Medienbeitrag \u2013 zuerich24.ch\" class=\"more-link\">Zum Medienbeitrag<\/a><\/div><div role=\"listitem\" class=\"cst-mediapub-listitem \" id=\"mediapub_2327\" data-index=\"32\"><h3 class=\"h5 cst-mediapub-post-title\">schaffhausen24.ch<\/h3><p>Die Schweiz feiert 20 Jahre Behindertengleichstellungsgesetz und 10 Jahre UNO-Behindertenrechtskonvention und lanciert dazu die Aktionstage 2024.<\/p><!--  --><a href=\"https:\/\/schaffhausen24.ch\/articles\/244704-einen-monat-lang-action-in-der-ganzen-schweiz\" target=\"_blank\" aria-label=\"Zum Medienbeitrag \u2013 schaffhausen24.ch\" class=\"more-link\">Zum Medienbeitrag<\/a><\/div><div role=\"listitem\" class=\"cst-mediapub-listitem \" id=\"mediapub_2106\" data-index=\"33\"><h3 class=\"h5 cst-mediapub-post-title\">Nau.ch<\/h3><p>Wie die Stadt Uster angibt, werden die Aktionstage f\u00fcr Behindertenrechte vom 15. Mai bis zum 15. Juni 2024 stattfinden. Rund 30 Aktionen sind bereits geplant.<\/p><!--  --><a href=\"https:\/\/www.nau.ch\/ort\/uster\/die-aktionstage-behindertenrechte-in-uster-bringen-menschen-zusammen-66717171\" target=\"_blank\" aria-label=\"Zum Medienbeitrag \u2013 Nau.ch\" class=\"more-link\">Zum Medienbeitrag<\/a><\/div><div role=\"listitem\" class=\"cst-mediapub-listitem \" id=\"mediapub_2105\" data-index=\"34\"><h3 class=\"h5 cst-mediapub-post-title\">Z\u00fcriOberland24<\/h3><p>Behindertenrechte bringen Menschen zusammen. Mit rund 30 Aktionen zeigen engagierte Teilnehmer_innen, dass Uster eine Stadt f\u00fcr alle ist.<\/p><!--  --><a href=\"https:\/\/zuerioberland24.ch\/articles\/233610-behindertenrechte-bringen-menschen-zusammen\" target=\"_blank\" aria-label=\"Zum Medienbeitrag \u2013 Z\u00fcriOberland24\" class=\"more-link\">Zum Medienbeitrag<\/a><\/div><button class=\"cst-mediapub-list-more-button\"><span>Weitere Medienbeitr\u00e4ge anzeigen<\/span><\/button><\/div>\n\n\n<h2 class=\"wp-block-heading\">Medienkontakte<\/h2>\n\n\n\n<h3 class=\"wp-block-heading\">Bernhard Krauss<\/h3>\n\n\n\n<p>Leiter Koordinationsstelle Behindertenrechte <br>Kantonales Sozialamt <br>Telefon: +41 43 259 52 68 <br>E-Mail: <a rel=\"noreferrer noopener\" href=\"mailto:\" data-eml-encoded-attr=\"WW1WeWJtaGhjbVF1YTNKaGRYTnpKVFF3YzJFdWVtZ3VZMmc9\" target=\"_blank\"><span data-eml-encoded-html><label>(E-Mail)<\/label><var aria-hidden=\"true\" style=\"display:none\">WW1WeWJtaGhjbVF1YTNKaGRYTnpKVFF3YzJFdWVtZ3VZMmc9<\/var><\/span><\/a> <\/p>\n\n\n\n<h3 class=\"wp-block-heading\">Martina Schweizer<\/h3>\n\n\n\n<p>Gesch\u00e4ftsleiterin Behindertenkonferenz (BKZ) <br>Behindertenkonferenz Kanton Z\u00fcrich <br>Telefon: +41 43 243 40 02 <br>E-Mail: <a href=\"mailto:\" data-eml-encoded-attr=\"YlM1elkyaDNaV2w2WlhJbE5EQmlhM291WTJnPQ==\"><span data-eml-encoded-html><label>(E-Mail)<\/label><var aria-hidden=\"true\" style=\"display:none\">YlM1elkyaDNaV2w2WlhJbE5EQmlhM291WTJnPQ==<\/var><\/span><\/a> <\/p>\n","protected":false},"excerpt":{"rendered":"<p>Medienbeitr\u00e4ge zu den Aktionstagen Hier finden Sie eine Zusammenstellung von Medienbeitr\u00e4gen zu den Aktionstagen Behindertenrechte 2024. Wir sind erfreut dar\u00fcber, dass unsere Aktionen und Botschaften die Aufmerksamkeit der Medien auf sich ziehen und so dazu beitragen, das Bewusstsein f\u00fcr die Rechte von Menschen mit Behinderung zu sch\u00e4rfen. Falls Sie auf der Suche nach vergangenen Medienbeitr\u00e4gen [&hellip;]<\/p>\n","protected":false},"author":1,"featured_media":0,"parent":0,"menu_order":8,"comment_status":"closed","ping_status":"closed","template":"page-templates\/media_page.php","meta":{"_acf_changed":false,"_genesis_hide_title":false,"_genesis_hide_breadcrumbs":false,"_genesis_hide_singular_image":false,"_genesis_hide_footer_widgets":false,"_genesis_custom_body_class":"","_genesis_custom_post_class":"","_genesis_layout":"","footnotes":""},"class_list":{"0":"post-30","1":"page","2":"type-page","3":"status-publish","5":"entry"},"acf":[],"_links":{"self":[{"href":"https:\/\/zukunft-inklusion.prestage.ch\/zh\/wp-json\/wp\/v2\/pages\/30","targetHints":{"allow":["GET"]}}],"collection":[{"href":"https:\/\/zukunft-inklusion.prestage.ch\/zh\/wp-json\/wp\/v2\/pages"}],"about":[{"href":"https:\/\/zukunft-inklusion.prestage.ch\/zh\/wp-json\/wp\/v2\/types\/page"}],"author":[{"embeddable":true,"href":"https:\/\/zukunft-inklusion.prestage.ch\/zh\/wp-json\/wp\/v2\/users\/1"}],"replies":[{"embeddable":true,"href":"https:\/\/zukunft-inklusion.prestage.ch\/zh\/wp-json\/wp\/v2\/comments?post=30"}],"version-history":[{"count":2,"href":"https:\/\/zukunft-inklusion.prestage.ch\/zh\/wp-json\/wp\/v2\/pages\/30\/revisions"}],"predecessor-version":[{"id":1406,"href":"https:\/\/zukunft-inklusion.prestage.ch\/zh\/wp-json\/wp\/v2\/pages\/30\/revisions\/1406"}],"wp:attachment":[{"href":"https:\/\/zukunft-inklusion.prestage.ch\/zh\/wp-json\/wp\/v2\/media?parent=30"}],"curies":[{"name":"wp","href":"https:\/\/api.w.org\/{rel}","templated":true}]}}