{"id":5,"date":"2023-07-28T14:00:17","date_gmt":"2023-07-28T12:00:17","guid":{"rendered":"https:\/\/zukunft-inklusion.ch.prestage.ch\/zh\/?page_id=5"},"modified":"2024-06-17T14:13:09","modified_gmt":"2024-06-17T12:13:09","slug":"idee","status":"publish","type":"page","link":"https:\/\/zukunft-inklusion.prestage.ch\/zh\/idee\/","title":{"rendered":"Idee"},"content":{"rendered":"\n<h2 class=\"wp-block-heading\">Wer sind wir?<\/h2>\n\n\n\n<p>Die Behindertenkonferenz Kanton Z\u00fcrich (<a rel=\"noreferrer noopener\" href=\"https:\/\/www.bkz.ch\/die-bkz\/\" target=\"_blank\">BKZ<\/a>) ist die Dachorganisation von Menschen mit Behinderung, ihren Organisationen und Institutionen. Das Ziel der BKZ ist die Gleichstellung aller Menschen mit Behinderung.<\/p>\n\n\n\n<p>Das Kantonale Sozialamt (<a href=\"https:\/\/www.zh.ch\/de\/soziales\/leben-mit-behinderung.html\" target=\"_blank\" rel=\"noreferrer noopener\">KSA<\/a>) setzt sich f\u00fcr die soziale Sicherheit ein. Auch Menschen mit Behinderung sollen in der Lage sein, ein Leben zu f\u00fchren, das von den Grunds\u00e4tzen der Selbstbestimmung und Teilhabe bestimmt ist.<\/p>\n\n\n\n<h2 class=\"wp-block-heading\">Was machen wir?<\/h2>\n\n\n\n<p>Wir haben gemeinsam mit unseren Aktionspartner_innen die Nationalen Aktionstage Behindertenrechte 2024 im Kanton Z\u00fcrich vorbereitet und durchgef\u00fchrt. Diese haben p\u00fcnktlich zum 10-j\u00e4hrigen Jubil\u00e4um der <a href=\"https:\/\/www.fedlex.admin.ch\/eli\/cc\/2014\/245\/de\">UNO-Behinderten-Rechts-Konvention (UNO-BRK<\/a>) in der Schweiz und zum 20-J\u00e4hrigen Jubil\u00e4um des <a href=\"https:\/\/www.fedlex.admin.ch\/eli\/cc\/2003\/667\/de\">Behinderten-Gleichstellungs-Gesetzes (BehiG<\/a>) vom 15. Mai bis 15. Juni 2024 stattgefunden.<\/p>\n\n\n\n<p>Abonnieren Sie unseren <a href=\"https:\/\/zukunft-inklusion.prestage.ch\/zh\/newsletter\/\">Newsletter<\/a>, um auf dem Laufenden zu bleiben.<\/p>\n\n\n\n<h2 class=\"wp-block-heading\">Warum das alles?<\/h2>\n\n\n\n<p>Die UNO-BRK ist keine K\u00fcr, sondern eine Pflicht. F\u00fcr die Umsetzung der UNO-BRK braucht es jedoch ein breites B\u00fcndnis. Mit den Aktionstagen k\u00f6nnen wir das Thema in die breite \u00d6ffentlichkeit tragen.<\/p>\n\n\n\n<h2 class=\"wp-block-heading\">Was ist unsere Vision?<\/h2>\n\n\n\n<p>Im Kanton Z\u00fcrich haben Menschen mit Behinderung dieselben Rechte wie alle anderen auch! Daf\u00fcr setzten wir uns ein. Menschen mit Behinderung sollen spontan und autonom den \u00f6ffentlichen Verkehr nutzen k\u00f6nnen: wie alle anderen auch. Sie sollen an Freizeit, Kultur- und Sportveranstaltungen teilnehmen k\u00f6nnen: wie alle anderen auch. Und wie alle anderen auch sollen Menschen mit Behinderung den gleichen Zugang zu Bildung, zur Gesundheitsversorgung, zum Arbeitsmarkt, zu Wohnraum und Gesch\u00e4ften sowie zu Information und Kommunikation haben. Denn genauso ist dies in der UNO-BRK verankert. Diese hat die Schweiz unterzeichnet und sie ist seit 2014 verpflichtend.<\/p>\n\n\n\n<h2 class=\"wp-block-heading\">Was sind unsere Ziele? <\/h2>\n\n\n\n<p>Die Aktionstage bieten die M\u00f6glichkeit neue, bereits geplante oder umgesetzte Massnahmen der \u00d6ffentlichkeit zu zeigen, welche die Lebensrealit\u00e4ten von Menschen mit Behinderung verbessern. Damit soll die politische Agenda positiv beeinflusst werden. Bei den Aktionen k\u00f6nnen Hindernisse sichtbar und erlebbar gemacht werden. Gleichzeitig soll praktisches Wissen vermittelt werden, um zielgerichtete und nachhaltige L\u00f6sungen zu finden. Entscheidend daf\u00fcr ist ein handlungsf\u00e4higes und vielf\u00e4ltiges Netzwerk. Hierf\u00fcr werden Austauschgef\u00e4sse geschaffen und Unterst\u00fctzungsangebote bereitgestellt.<\/p>\n\n\n\n<h2 class=\"wp-block-heading\">Was sind unsere Qualit\u00e4tsmerkmale?<\/h2>\n\n\n\n<p>Wir haben den Anspruch, dass die Aktionen einen Bezug zur UNO-BRK aufweisen, den Einbezug von Menschen mit Behinderung sicherstellen und den Zugang f\u00fcr alle sichern.<\/p>\n\n\n\n<h2 class=\"wp-block-heading\">Was bedeutet Inklusion?<\/h2>\n\n\n\n<h3 class=\"wp-block-heading\">Allgemein<\/h3>\n\n\n\n<p>Inklusion zielt darauf ab, Hindernisse abzubauen, Vorurteile zu \u00fcberwinden und eine gerechtere und integrativere Gesellschaft zu schaffen. Alle Menschen die M\u00f6glichkeit haben sollen, ihr volles Potenzial auszusch\u00f6pfen.  Sie sollen an allen Aspekten des Lebens teilnehmen k\u00f6nnen.<\/p>\n\n\n\n<h3 class=\"wp-block-heading\">Sprache<\/h3>\n\n\n\n<p>Zukunft Inklusion setzt sich daf\u00fcr ein, eine respektvolle Umgebung f\u00fcr alle Menschen zu schaffen. Wir verwenden auf unserer Webseite eine gendergerechte Sprache. \u00abGender\u00bb ist ein englisches Wort und bedeutet \u00abGeschlecht\u00bb. In der gendergerechten Sprache wurden Formen entwickelt, um auch Menschen anzusprechen, die sich nicht oder nicht ausschliesslich als weiblich oder m\u00e4nnlich f\u00fchlen. Es gibt daf\u00fcr Zeichen wie den Genderstern (*), den Gender Gap\/Unterstrich (_) oder den Doppelpunkt (:).<\/p>\n\n\n\n<p>Unser Ziel ist es, niemanden aufgrund seines Geschlechts auszuschliessen. Mit der Verwendung von gendergerechter Sprache m\u00f6chten wir sicherstellen, dass unsere Webseite f\u00fcr alle zug\u00e4nglich und einladend ist. Wir verwenden den Unterstrich (_) als ein Mittel, um diese Ziele zu erreichen. Zum Beispiel: Anstelle von \u00abDie <strong>Aktionspartner<\/strong> haben ihre Aktionen eingereicht\u00bb, verwenden wir \u00abDie <strong>Aktionspartner_innen<\/strong> haben ihre Aktionen eingereicht.\u00bb. Durch die Verwendung des Unterstrichs (<strong>_<\/strong>) wird klar, dass alle Geschlechter (von Frau bis Mann) eingeschlossen sind.<\/p>\n\n\n\n<h3 class=\"wp-block-heading\">Barrierefreiheit<\/h3>\n\n\n\n<p>Barrierefreiheit bedeutet, dass die Umgebung f\u00fcr alle Menschen zug\u00e4nglich ist, ohne dass es Hindernisse gibt. Behinderungen f\u00fcr Menschen sollen abgebaut werden. Jeder Mensch soll selbst\u00e4ndig und ohne Schwierigkeiten Geb\u00e4ude, Verkehrsmittel, Webseiten und Informationen und weiteres nutzen k\u00f6nnen.<\/p>\n","protected":false},"excerpt":{"rendered":"<p>Wer sind wir? Die Behindertenkonferenz Kanton Z\u00fcrich (BKZ) ist die Dachorganisation von Menschen mit Behinderung, ihren Organisationen und Institutionen. Das Ziel der BKZ ist die Gleichstellung aller Menschen mit Behinderung. Das Kantonale Sozialamt (KSA) setzt sich f\u00fcr die soziale Sicherheit ein. Auch Menschen mit Behinderung sollen in der Lage sein, ein Leben zu f\u00fchren, das [&hellip;]<\/p>\n","protected":false},"author":1,"featured_media":0,"parent":0,"menu_order":2,"comment_status":"closed","ping_status":"closed","template":"page-templates\/concept_page.php","meta":{"_acf_changed":false,"_genesis_hide_title":false,"_genesis_hide_breadcrumbs":false,"_genesis_hide_singular_image":false,"_genesis_hide_footer_widgets":false,"_genesis_custom_body_class":"","_genesis_custom_post_class":"","_genesis_layout":"","footnotes":""},"class_list":{"0":"post-5","1":"page","2":"type-page","3":"status-publish","5":"entry"},"acf":[],"_links":{"self":[{"href":"https:\/\/zukunft-inklusion.prestage.ch\/zh\/wp-json\/wp\/v2\/pages\/5","targetHints":{"allow":["GET"]}}],"collection":[{"href":"https:\/\/zukunft-inklusion.prestage.ch\/zh\/wp-json\/wp\/v2\/pages"}],"about":[{"href":"https:\/\/zukunft-inklusion.prestage.ch\/zh\/wp-json\/wp\/v2\/types\/page"}],"author":[{"embeddable":true,"href":"https:\/\/zukunft-inklusion.prestage.ch\/zh\/wp-json\/wp\/v2\/users\/1"}],"replies":[{"embeddable":true,"href":"https:\/\/zukunft-inklusion.prestage.ch\/zh\/wp-json\/wp\/v2\/comments?post=5"}],"version-history":[{"count":9,"href":"https:\/\/zukunft-inklusion.prestage.ch\/zh\/wp-json\/wp\/v2\/pages\/5\/revisions"}],"predecessor-version":[{"id":2443,"href":"https:\/\/zukunft-inklusion.prestage.ch\/zh\/wp-json\/wp\/v2\/pages\/5\/revisions\/2443"}],"wp:attachment":[{"href":"https:\/\/zukunft-inklusion.prestage.ch\/zh\/wp-json\/wp\/v2\/media?parent=5"}],"curies":[{"name":"wp","href":"https:\/\/api.w.org\/{rel}","templated":true}]}}